{"id":2759,"date":"2026-05-06T11:02:51","date_gmt":"2026-05-06T14:02:51","guid":{"rendered":"https:\/\/rbb-dropshipping.com.br\/autoescolaminuta25\/?post_type=product&#038;p=2759"},"modified":"2026-05-08T08:04:15","modified_gmt":"2026-05-08T11:04:15","slug":"treino-pratico-para-instrutor-autonomo-categoria-b-habilitado-credenciado","status":"publish","type":"product","link":"https:\/\/rbb-dropshipping.com.br\/autoescolaminuta25\/produto\/treino-pratico-para-instrutor-autonomo-categoria-b-habilitado-credenciado\/","title":{"rendered":"Treino Pr\u00e1tico Para Instrutor Aut\u00f4nomo &#8211; Categoria &#8220;B&#8221;  \u2013 Habilitado\/Credenciado."},"content":{"rendered":"<h3>Treino Pr\u00e1tico Para Instrutor Aut\u00f4nomo.<\/h3>\n<p data-start=\"210\" data-end=\"259\">Treino Pr\u00e1tico Para Instrutor Aut\u00f4nomo Credenciado \u2013 Dire\u00e7\u00e3o Defensiva.<\/p>\n<p data-start=\"261\" data-end=\"594\">A Pr\u00e1tica do Treino de Dire\u00e7\u00e3o Defensiva para Instrutor Aut\u00f4nomo j\u00e1 Credenciado. Tem como objetivo aprimorar habilidades, refor\u00e7ar comportamentos seguros no tr\u00e2nsito e aumentar a confian\u00e7a do Instrutor Aut\u00f4nomo em diferentes situa\u00e7\u00f5es de condu\u00e7\u00e3o veicular. Esse treinamento \u00e9 indicado tanto para quem deseja reciclagem quanto para quem busca mais seguran\u00e7a no dia a dia.<\/p>\n<p data-start=\"596\" data-end=\"843\">A atividade \u00e9 realizada com total seguran\u00e7a, podendo ser feita em ve\u00edculo da AUTOESCOLA MINUTA25 ASSESSORIA ou mesmo do pr\u00f3prio Instrutor Aut\u00f4nomo, que conta com duplo comando (freio e embreagem), ou ve\u00edculo de c\u00e2mbio autom\u00e1tico, e mesmo sem comando duplo e\/ou ve\u00edculo el\u00e9trico, desde que esteja em boas condi\u00e7\u00f5es de uso e devidamente regularizado.<\/p>\n<p data-start=\"845\" data-end=\"931\">Durante ao treino pr\u00e1tico, o instrutor aut\u00f4nomo acompanha o trenador de forma atenta, orientando sobre:<\/p>\n<ul data-start=\"932\" data-end=\"1297\">\n<li data-start=\"932\" data-end=\"962\">\n<p data-start=\"934\" data-end=\"962\">Postura correta ao volante<\/p>\n<\/li>\n<li data-start=\"963\" data-end=\"1014\">\n<p data-start=\"965\" data-end=\"1014\">Ajuste de bancos, espelhos e cinto de seguran\u00e7a<\/p>\n<\/li>\n<li data-start=\"1015\" data-end=\"1062\">\n<p data-start=\"1017\" data-end=\"1062\">Condu\u00e7\u00e3o preventiva e antecipa\u00e7\u00e3o de riscos<\/p>\n<\/li>\n<li data-start=\"1063\" data-end=\"1111\">\n<p data-start=\"1065\" data-end=\"1111\">Respeito \u00e0 sinaliza\u00e7\u00e3o e \u00e0s leis de tr\u00e2nsito<\/p>\n<\/li>\n<li data-start=\"1112\" data-end=\"1184\">\n<p data-start=\"1114\" data-end=\"1184\">Dist\u00e2ncia de seguran\u00e7a, velocidade adequada e uso correto dos freios<\/p>\n<\/li>\n<li data-start=\"1185\" data-end=\"1297\">\n<p data-start=\"1187\" data-end=\"1297\">T\u00e9cnicas para situa\u00e7\u00f5es de risco, como tr\u00e1fego intenso, chuva, ultrapassagens e dire\u00e7\u00e3o urbana ou rodovi\u00e1ria<\/p>\n<\/li>\n<\/ul>\n<p data-start=\"1299\" data-end=\"1479\">O foco da dire\u00e7\u00e3o defensiva \u00e9 prevenir acidentes, adotando atitudes respons\u00e1veis, calmas e conscientes, mesmo diante de erros de outros condutores ou condi\u00e7\u00f5es adversas da via.<\/p>\n<p data-start=\"1481\" data-end=\"1685\">Todo o treinamento ocorre de forma gradual, respeitando o n\u00edvel de experi\u00eancia do condutor, proporcionando um aprendizado pr\u00e1tico, seguro e eficiente, contribuindo para um tr\u00e2nsito mais seguro para todos.<\/p>\n<p data-start=\"280\" data-end=\"334\"><strong data-start=\"280\" data-end=\"334\">Instrutor Aut\u00f4nomo Credenciado | Portal CNH Brasil<\/strong><\/p>\n<h3 data-section-id=\"gwgtn7\" data-start=\"336\" data-end=\"351\">\ud83c\udfaf Objetivo<\/h3>\n<p data-start=\"352\" data-end=\"490\">Capacitar o candidato a conduzir com seguran\u00e7a, antecipando riscos, prevenindo acidentes e adotando comportamento respons\u00e1vel no tr\u00e2nsito.<\/p>\n<h2 data-section-id=\"32zrnt\" data-start=\"497\" data-end=\"537\">\ud83d\udccd PREPARA\u00c7\u00c3O E CONSCI\u00caNCIA<\/h2>\n<p data-start=\"538\" data-end=\"566\">Antes de iniciar a condu\u00e7\u00e3o:<\/p>\n<ul data-start=\"567\" data-end=\"771\">\n<li data-section-id=\"1qf0s0t\" data-start=\"567\" data-end=\"618\">Ajuste correto de banco, volante e retrovisores<\/li>\n<li data-section-id=\"ofycmg\" data-start=\"619\" data-end=\"660\">Uso obrigat\u00f3rio do cinto de seguran\u00e7a<\/li>\n<li data-section-id=\"d4zhzx\" data-start=\"661\" data-end=\"714\">Checagem b\u00e1sica do ve\u00edculo (freios, pneus, luzes)<\/li>\n<li data-section-id=\"10sjyzj\" data-start=\"715\" data-end=\"771\">Orienta\u00e7\u00e3o sobre postura e aten\u00e7\u00e3o total ao ambiente<\/li>\n<\/ul>\n<p data-start=\"773\" data-end=\"846\">\ud83d\udd0e <strong data-start=\"776\" data-end=\"795\">Conceito-chave:<\/strong> Dire\u00e7\u00e3o defensiva come\u00e7a antes de ligar o ve\u00edculo.<\/p>\n<h2 data-section-id=\"6ygqbs\" data-start=\"2691\" data-end=\"2733\">\ud83d\udc68\u200d\ud83c\udfeb DIFERENCIAL DO INSTRUTOR AUT\u00d4NOMO<\/h2>\n<p data-start=\"2734\" data-end=\"2767\">O Instrutor Aut\u00f4nomo Credenciado:<\/p>\n<ul data-start=\"2768\" data-end=\"2980\">\n<li data-section-id=\"vf70lv\" data-start=\"2768\" data-end=\"2806\">Atua com metodologia personalizada<\/li>\n<li data-section-id=\"1r4b2x1\" data-start=\"2807\" data-end=\"2853\">Fideliza o aluno com acompanhamento direto<\/li>\n<li data-section-id=\"gw3jct\" data-start=\"2854\" data-end=\"2911\">Segue normas da <span class=\"hover:entity-accent entity-underline inline cursor-pointer align-baseline\"><span class=\"whitespace-normal\">SENATRAN<\/span><\/span><\/li>\n<li data-section-id=\"fowdrj\" data-start=\"2912\" data-end=\"2980\">Contribui com a moderniza\u00e7\u00e3o da forma\u00e7\u00e3o de condutores no Brasil<\/li>\n<\/ul>\n<h2><strong>OBSERVA\u00c7\u00c3O IMPORTANTE:<\/strong><\/h2>\n<ul>\n<li>\n<h5>Instrutor Credenciado<\/h5>\n<\/li>\n<li>\n<h5>OBSERVA\u00c7\u00c3O IMPORTANTE: OS TREINOS S\u00d3 OCORRER\u00c3O COM:<\/h5>\n<\/li>\n<li>\n<h5>VE\u00cdCULO PR\u00d3PRIO DA EMPRESA.<\/h5>\n<\/li>\n<li>\n<h5>INSTRUTORES POSSUEM SEUS PR\u00d3PRIOS VE\u00cdCULOS:<\/h5>\n<\/li>\n<li>\n<h5>C\u00c2MBIO AUTOM\u00c1TICO<\/h5>\n<\/li>\n<li>\n<h5>EL\u00c9TRICO<\/h5>\n<\/li>\n<li>\n<h5>MANUAL<\/h5>\n<\/li>\n<li>\n<h5>DOCs. EM DIA<\/h5>\n<\/li>\n<li>\n<h5>EQUIPAMENTOS DE SEGURAN\u00c7A EM DIA.<\/h5>\n<\/li>\n<li>\n<h5>PAGANDO NO CART\u00c3O CRED\/DEB COM ACR\u00c9SCIMO DA OPERADORA DE CART\u00d5ES.<\/h5>\n<\/li>\n<\/ul>\n<h4>OBSERVA\u00c7\u00c3O IMPORTANTE:<\/h4>\n<ul>\n<li>OS VALORES DOS PACOTES EST\u00c3O RELACIONADOS NO FATOR DIST\u00c2NCIA. CALCULADO DE ACORDO COM A DISPONIBILIDADE DE DIST\u00c2NCIA. CONSULTAR ATENDENTE!<\/li>\n<\/ul>\n","protected":false},"excerpt":{"rendered":"<h3>AUTOESCOLA MINUTA25 &#8211; Treino Pr\u00e1tico Para Instrutores Aut\u00f4nomos\/Categoria &#8220;B&#8221;.<\/h3>\n<h6>OBSERVA\u00c7\u00c3O IMPORTANTE:<\/h6>\n<ul>\n<li>\n<h6>OS VALORES DOS PACOTES EST\u00c3O RELACIONADOS NO FATOR DIST\u00c2NCIA. CALCULADO DE ACORDO COM A DISPONIBILIDADE DE DIST\u00c2NCIA. CONSULTAR ATENDENTE!<\/h6>\n<\/li>\n<\/ul>\n","protected":false},"featured_media":1619,"comment_status":"open","ping_status":"closed","template":"","meta":{"_eb_attr":"","_crdt_document":"","_uag_custom_page_level_css":"","site-sidebar-layout":"default","site-content-layout":"","ast-site-content-layout":"default","site-content-style":"default","site-sidebar-style":"default","ast-global-header-display":"","ast-banner-title-visibility":"","ast-main-header-display":"","ast-hfb-above-header-display":"","ast-hfb-below-header-display":"","ast-hfb-mobile-header-display":"","site-post-title":"","ast-breadcrumbs-content":"","ast-featured-img":"","footer-sml-layout":"","ast-disable-related-posts":"","theme-transparent-header-meta":"default","adv-header-id-meta":"","stick-header-meta":"","header-above-stick-meta":"","header-main-stick-meta":"","header-below-stick-meta":"","astra-migrate-meta-layouts":"set","ast-page-background-enabled":"default","ast-page-background-meta":{"desktop":{"background-color":"var(--ast-global-color-4)","background-image":"","background-repeat":"repeat","background-position":"center center","background-size":"auto","background-attachment":"scroll","background-type":"","background-media":"","overlay-type":"","overlay-color":"","overlay-opacity":"","overlay-gradient":""},"tablet":{"background-color":"","background-image":"","background-repeat":"repeat","background-position":"center center","background-size":"auto","background-attachment":"scroll","background-type":"","background-media":"","overlay-type":"","overlay-color":"","overlay-opacity":"","overlay-gradient":""},"mobile":{"background-color":"","background-image":"","background-repeat":"repeat","background-position":"center center","background-size":"auto","background-attachment":"scroll","background-type":"","background-media":"","overlay-type":"","overlay-color":"","overlay-opacity":"","overlay-gradient":""}},"ast-content-background-meta":{"desktop":{"background-color":"var(--ast-global-color-5)","background-image":"","background-repeat":"repeat","background-position":"center center","background-size":"auto","background-attachment":"scroll","background-type":"","background-media":"","overlay-type":"","overlay-color":"","overlay-opacity":"","overlay-gradient":""},"tablet":{"background-color":"var(--ast-global-color-5)","background-image":"","background-repeat":"repeat","background-position":"center center","background-size":"auto","background-attachment":"scroll","background-type":"","background-media":"","overlay-type":"","overlay-color":"","overlay-opacity":"","overlay-gradient":""},"mobile":{"background-color":"var(--ast-global-color-5)","background-image":"","background-repeat":"repeat","background-position":"center center","background-size":"auto","background-attachment":"scroll","background-type":"","background-media":"","overlay-type":"","overlay-color":"","overlay-opacity":"","overlay-gradient":""}},"_joinchat":[]},"product_brand":[],"product_cat":[21],"product_tag":[],"class_list":{"0":"post-2759","1":"product","2":"type-product","3":"status-publish","4":"has-post-thumbnail","6":"product_cat-pratica-de-carro","7":"desktop-align-left","8":"tablet-align-left","9":"mobile-align-left","11":"first","12":"instock","13":"sale","14":"taxable","15":"shipping-taxable","16":"purchasable","17":"product-type-simple"},"uagb_featured_image_src":{"full":["https:\/\/rbb-dropshipping.com.br\/wp-content\/uploads\/2025\/12\/pexels-photo-32686123-32686123-scaled.jpg",1707,2560,false],"thumbnail":["https:\/\/rbb-dropshipping.com.br\/wp-content\/uploads\/2025\/12\/pexels-photo-32686123-32686123-150x150.jpg",150,150,true],"medium":["https:\/\/rbb-dropshipping.com.br\/wp-content\/uploads\/2025\/12\/pexels-photo-32686123-32686123-200x300.jpg",200,300,true],"medium_large":["https:\/\/rbb-dropshipping.com.br\/wp-content\/uploads\/2025\/12\/pexels-photo-32686123-32686123-768x1152.jpg",768,1152,true],"large":["https:\/\/rbb-dropshipping.com.br\/wp-content\/uploads\/2025\/12\/pexels-photo-32686123-32686123-683x1024.jpg",683,1024,true],"1536x1536":["https:\/\/rbb-dropshipping.com.br\/wp-content\/uploads\/2025\/12\/pexels-photo-32686123-32686123-1024x1536.jpg",1024,1536,true],"2048x2048":["https:\/\/rbb-dropshipping.com.br\/wp-content\/uploads\/2025\/12\/pexels-photo-32686123-32686123-1365x2048.jpg",1365,2048,true],"woocommerce_thumbnail":["https:\/\/rbb-dropshipping.com.br\/wp-content\/uploads\/2025\/12\/pexels-photo-32686123-32686123-300x300.jpg",300,300,true],"woocommerce_single":["https:\/\/rbb-dropshipping.com.br\/wp-content\/uploads\/2025\/12\/pexels-photo-32686123-32686123-600x900.jpg",600,900,true],"woocommerce_gallery_thumbnail":["https:\/\/rbb-dropshipping.com.br\/wp-content\/uploads\/2025\/12\/pexels-photo-32686123-32686123-100x100.jpg",100,100,true]},"uagb_author_info":{"display_name":"AUTOESCOLA MINUTA25 ASSESSORIA","author_link":"https:\/\/rbb-dropshipping.com.br\/autoescolaminuta25\/author\/"},"uagb_comment_info":0,"uagb_excerpt":"AUTOESCOLA MINUTA25 - Treino Pr\u00e1tico Para Instrutores Aut\u00f4nomos\/Categoria \"B\". OBSERVA\u00c7\u00c3O IMPORTANTE: OS VALORES DOS PACOTES EST\u00c3O RELACIONADOS NO FATOR DIST\u00c2NCIA. CALCULADO DE ACORDO COM A DISPONIBILIDADE DE DIST\u00c2NCIA. CONSULTAR ATENDENTE!","_links":{"self":[{"href":"https:\/\/rbb-dropshipping.com.br\/autoescolaminuta25\/wp-json\/wp\/v2\/product\/2759","targetHints":{"allow":["GET"]}}],"collection":[{"href":"https:\/\/rbb-dropshipping.com.br\/autoescolaminuta25\/wp-json\/wp\/v2\/product"}],"about":[{"href":"https:\/\/rbb-dropshipping.com.br\/autoescolaminuta25\/wp-json\/wp\/v2\/types\/product"}],"replies":[{"embeddable":true,"href":"https:\/\/rbb-dropshipping.com.br\/autoescolaminuta25\/wp-json\/wp\/v2\/comments?post=2759"}],"wp:featuredmedia":[{"embeddable":true,"href":"https:\/\/rbb-dropshipping.com.br\/autoescolaminuta25\/wp-json\/wp\/v2\/media\/1619"}],"wp:attachment":[{"href":"https:\/\/rbb-dropshipping.com.br\/autoescolaminuta25\/wp-json\/wp\/v2\/media?parent=2759"}],"wp:term":[{"taxonomy":"product_brand","embeddable":true,"href":"https:\/\/rbb-dropshipping.com.br\/autoescolaminuta25\/wp-json\/wp\/v2\/product_brand?post=2759"},{"taxonomy":"product_cat","embeddable":true,"href":"https:\/\/rbb-dropshipping.com.br\/autoescolaminuta25\/wp-json\/wp\/v2\/product_cat?post=2759"},{"taxonomy":"product_tag","embeddable":true,"href":"https:\/\/rbb-dropshipping.com.br\/autoescolaminuta25\/wp-json\/wp\/v2\/product_tag?post=2759"}],"curies":[{"name":"wp","href":"https:\/\/api.w.org\/{rel}","templated":true}]}}