{"id":2307,"date":"2026-03-15T10:52:07","date_gmt":"2026-03-15T13:52:07","guid":{"rendered":"https:\/\/rbb-dropshipping.com.br\/?post_type=product&#038;p=2307"},"modified":"2026-05-08T07:55:04","modified_gmt":"2026-05-08T10:55:04","slug":"1a-habilitacao-categorias-a-b-pacote-03-06-teinos-a-b","status":"publish","type":"product","link":"https:\/\/rbb-dropshipping.com.br\/autoescolaminuta25\/produto\/1a-habilitacao-categorias-a-b-pacote-03-06-teinos-a-b\/","title":{"rendered":"1a. Habilita\u00e7\u00e3o Categorias &#8220;A\/B&#8221; &#8211; PACOTE 03(06 TREINOS A\/B)."},"content":{"rendered":"<h1 class=\"product_title entry-title\">Aula Pr\u00e1tica PACOTE 3 &#8211; 12 Treinos\/Moto+Carro<\/h1>\n<ul>\n<li class=\"product_title entry-title\">\n<h5><em><strong>02 Aulas Pr\u00e1ticas OBRIGAT\u00d3RIAS: Moto + 04 Treinos<\/strong><\/em><\/h5>\n<\/li>\n<li>\n<h5><em><strong>02 Aulas Pr\u00e1ticas OBRIGAT\u00d3RIAS: Carro + 04 Treinos<\/strong><\/em><\/h5>\n<\/li>\n<li>\n<h5>Totalizando: 12 Treinos\/Moto+Carro<\/h5>\n<\/li>\n<li>\n<h5>Marca\u00e7\u00e3o de Prova Pr\u00e1tica Pelo Pr\u00f3prio Candidato.<\/h5>\n<\/li>\n<li>\n<h5>Ve\u00edculo Para Prova Pr\u00e1tica no Local de Exame do Candidato.<\/h5>\n<\/li>\n<li>\n<h5>Instrutor Credenciado<\/h5>\n<\/li>\n<li>\n<h5>OBSERVA\u00c7\u00c3O IMPORTANTE: OS TREINOS E EXAMES S\u00d3 OCORRER\u00c3O COM:<\/h5>\n<\/li>\n<li>\n<h5>VE\u00cdCULO PR\u00d3PRIO DA EMPRESA: CARRO AUTOM\u00c1TICO.<\/h5>\n<\/li>\n<li>\n<h5>VE\u00cdCULO PR\u00d3PRIO DA EMPRESA: CARRO MANUAL.<\/h5>\n<\/li>\n<li>\n<h5>CANDIDATOS QUE POSSUEM SEUS PR\u00d3PRIOS VE\u00cdCULOS:<\/h5>\n<\/li>\n<li>\n<h5>C\u00c2MBIO AUTOM\u00c1TICO<\/h5>\n<\/li>\n<li>\n<h5>EL\u00c9TRICO<\/h5>\n<\/li>\n<li>\n<h5>MANUAL<\/h5>\n<\/li>\n<li>\n<h5>DOCs. EM DIA<\/h5>\n<\/li>\n<li>\n<h5>EQUIPAMENTOS DE SEGURAN\u00c7A EM DIA.<\/h5>\n<\/li>\n<li>\n<h5>PAGANDO NO CART\u00c3O CRED\/DEB COM ACR\u00c9SCIMO DA OPERADORA DE CART\u00d5ES.<\/h5>\n<\/li>\n<\/ul>\n<h4>OBSERVA\u00c7\u00c3O IMPORTANTE:<\/h4>\n<ul>\n<li>OS VALORES DOS PACOTES EST\u00c3O RELACIONADOS NO FATOR DIST\u00c2NCIA. CALCULADO DE ACORDO COM A DISPONIBILIDADE DE DIST\u00c2NCIA. CONSULTAR ATENDENTE!<\/li>\n<\/ul>\n","protected":false},"excerpt":{"rendered":"<h3>AUTOESCOLA MINUTA25 &#8211; Aulas Pr\u00e1ticas\/Moto+Carro.<\/h3>\n<h6>OBSERVA\u00c7\u00c3O IMPORTANTE:<\/h6>\n<ul>\n<li>\n<h6>OS VALORES DOS PACOTES EST\u00c3O RELACIONADOS NO FATOR DIST\u00c2NCIA. CALCULADO DE ACORDO COM A DISPONIBILIDADE DE DIST\u00c2NCIA. CONSULTAR ATENDENTE!<\/h6>\n<\/li>\n<\/ul>\n","protected":false},"featured_media":2223,"comment_status":"open","ping_status":"closed","template":"","meta":{"_eb_attr":"","_crdt_document":"","_uag_custom_page_level_css":"","site-sidebar-layout":"default","site-content-layout":"","ast-site-content-layout":"default","site-content-style":"default","site-sidebar-style":"default","ast-global-header-display":"","ast-banner-title-visibility":"","ast-main-header-display":"","ast-hfb-above-header-display":"","ast-hfb-below-header-display":"","ast-hfb-mobile-header-display":"","site-post-title":"","ast-breadcrumbs-content":"","ast-featured-img":"","footer-sml-layout":"","ast-disable-related-posts":"","theme-transparent-header-meta":"default","adv-header-id-meta":"","stick-header-meta":"","header-above-stick-meta":"","header-main-stick-meta":"","header-below-stick-meta":"","astra-migrate-meta-layouts":"set","ast-page-background-enabled":"default","ast-page-background-meta":{"desktop":{"background-color":"var(--ast-global-color-4)","background-image":"","background-repeat":"repeat","background-position":"center center","background-size":"auto","background-attachment":"scroll","background-type":"","background-media":"","overlay-type":"","overlay-color":"","overlay-opacity":"","overlay-gradient":""},"tablet":{"background-color":"","background-image":"","background-repeat":"repeat","background-position":"center center","background-size":"auto","background-attachment":"scroll","background-type":"","background-media":"","overlay-type":"","overlay-color":"","overlay-opacity":"","overlay-gradient":""},"mobile":{"background-color":"","background-image":"","background-repeat":"repeat","background-position":"center center","background-size":"auto","background-attachment":"scroll","background-type":"","background-media":"","overlay-type":"","overlay-color":"","overlay-opacity":"","overlay-gradient":""}},"ast-content-background-meta":{"desktop":{"background-color":"var(--ast-global-color-5)","background-image":"","background-repeat":"repeat","background-position":"center center","background-size":"auto","background-attachment":"scroll","background-type":"","background-media":"","overlay-type":"","overlay-color":"","overlay-opacity":"","overlay-gradient":""},"tablet":{"background-color":"var(--ast-global-color-5)","background-image":"","background-repeat":"repeat","background-position":"center center","background-size":"auto","background-attachment":"scroll","background-type":"","background-media":"","overlay-type":"","overlay-color":"","overlay-opacity":"","overlay-gradient":""},"mobile":{"background-color":"var(--ast-global-color-5)","background-image":"","background-repeat":"repeat","background-position":"center center","background-size":"auto","background-attachment":"scroll","background-type":"","background-media":"","overlay-type":"","overlay-color":"","overlay-opacity":"","overlay-gradient":""}},"_joinchat":[]},"product_brand":[],"product_cat":[21,22],"product_tag":[],"class_list":{"0":"post-2307","1":"product","2":"type-product","3":"status-publish","4":"has-post-thumbnail","6":"product_cat-pratica-de-carro","7":"product_cat-pratica-de-moto","8":"desktop-align-left","9":"tablet-align-left","10":"mobile-align-left","12":"first","13":"instock","14":"sale","15":"taxable","16":"shipping-taxable","17":"purchasable","18":"product-type-simple"},"uagb_featured_image_src":{"full":["https:\/\/rbb-dropshipping.com.br\/wp-content\/uploads\/2026\/02\/pexels-photo-2747703-2747703-scaled.jpg",2560,1707,false],"thumbnail":["https:\/\/rbb-dropshipping.com.br\/wp-content\/uploads\/2026\/02\/pexels-photo-2747703-2747703-150x150.jpg",150,150,true],"medium":["https:\/\/rbb-dropshipping.com.br\/wp-content\/uploads\/2026\/02\/pexels-photo-2747703-2747703-300x200.jpg",300,200,true],"medium_large":["https:\/\/rbb-dropshipping.com.br\/wp-content\/uploads\/2026\/02\/pexels-photo-2747703-2747703-768x512.jpg",768,512,true],"large":["https:\/\/rbb-dropshipping.com.br\/wp-content\/uploads\/2026\/02\/pexels-photo-2747703-2747703-1024x683.jpg",1024,683,true],"1536x1536":["https:\/\/rbb-dropshipping.com.br\/wp-content\/uploads\/2026\/02\/pexels-photo-2747703-2747703-1536x1024.jpg",1536,1024,true],"2048x2048":["https:\/\/rbb-dropshipping.com.br\/wp-content\/uploads\/2026\/02\/pexels-photo-2747703-2747703-2048x1365.jpg",2048,1365,true],"woocommerce_thumbnail":["https:\/\/rbb-dropshipping.com.br\/wp-content\/uploads\/2026\/02\/pexels-photo-2747703-2747703-300x300.jpg",300,300,true],"woocommerce_single":["https:\/\/rbb-dropshipping.com.br\/wp-content\/uploads\/2026\/02\/pexels-photo-2747703-2747703-600x400.jpg",600,400,true],"woocommerce_gallery_thumbnail":["https:\/\/rbb-dropshipping.com.br\/wp-content\/uploads\/2026\/02\/pexels-photo-2747703-2747703-100x100.jpg",100,100,true]},"uagb_author_info":{"display_name":"AUTOESCOLA MINUTA25 ASSESSORIA","author_link":"https:\/\/rbb-dropshipping.com.br\/autoescolaminuta25\/author\/"},"uagb_comment_info":0,"uagb_excerpt":"AUTOESCOLA MINUTA25 - Aulas Pr\u00e1ticas\/Moto+Carro. OBSERVA\u00c7\u00c3O IMPORTANTE: OS VALORES DOS PACOTES EST\u00c3O RELACIONADOS NO FATOR DIST\u00c2NCIA. CALCULADO DE ACORDO COM A DISPONIBILIDADE DE DIST\u00c2NCIA. CONSULTAR ATENDENTE!","_links":{"self":[{"href":"https:\/\/rbb-dropshipping.com.br\/autoescolaminuta25\/wp-json\/wp\/v2\/product\/2307","targetHints":{"allow":["GET"]}}],"collection":[{"href":"https:\/\/rbb-dropshipping.com.br\/autoescolaminuta25\/wp-json\/wp\/v2\/product"}],"about":[{"href":"https:\/\/rbb-dropshipping.com.br\/autoescolaminuta25\/wp-json\/wp\/v2\/types\/product"}],"replies":[{"embeddable":true,"href":"https:\/\/rbb-dropshipping.com.br\/autoescolaminuta25\/wp-json\/wp\/v2\/comments?post=2307"}],"wp:featuredmedia":[{"embeddable":true,"href":"https:\/\/rbb-dropshipping.com.br\/autoescolaminuta25\/wp-json\/wp\/v2\/media\/2223"}],"wp:attachment":[{"href":"https:\/\/rbb-dropshipping.com.br\/autoescolaminuta25\/wp-json\/wp\/v2\/media?parent=2307"}],"wp:term":[{"taxonomy":"product_brand","embeddable":true,"href":"https:\/\/rbb-dropshipping.com.br\/autoescolaminuta25\/wp-json\/wp\/v2\/product_brand?post=2307"},{"taxonomy":"product_cat","embeddable":true,"href":"https:\/\/rbb-dropshipping.com.br\/autoescolaminuta25\/wp-json\/wp\/v2\/product_cat?post=2307"},{"taxonomy":"product_tag","embeddable":true,"href":"https:\/\/rbb-dropshipping.com.br\/autoescolaminuta25\/wp-json\/wp\/v2\/product_tag?post=2307"}],"curies":[{"name":"wp","href":"https:\/\/api.w.org\/{rel}","templated":true}]}}