{"id":2306,"date":"2026-03-15T09:49:05","date_gmt":"2026-03-15T12:49:05","guid":{"rendered":"https:\/\/rbb-dropshipping.com.br\/?post_type=product&#038;p=2306"},"modified":"2026-05-08T07:43:47","modified_gmt":"2026-05-08T10:43:47","slug":"1a-habilitacao-categoria-b-pacote-02-copia","status":"publish","type":"product","link":"https:\/\/rbb-dropshipping.com.br\/autoescolaminuta25\/produto\/1a-habilitacao-categoria-b-pacote-02-copia\/","title":{"rendered":"1a. Habilita\u00e7\u00e3o Categoria &#8220;B&#8221; &#8211; PACOTE 03(06 TREINOS)."},"content":{"rendered":"<h1 class=\"product_title entry-title\">Aula Pr\u00e1tica PACOTE 3 &#8211; 06 Aulas<\/h1>\n<ul>\n<li>\n<h5>02 Aulas Pr\u00e1ticas OBRIGAT\u00d3RIAS + 04 Treinos = 06 Treinos<\/h5>\n<\/li>\n<li>\n<h5>Marca\u00e7\u00e3o de Prova Pr\u00e1tica Pelo Pr\u00f3prio Candidato.<\/h5>\n<\/li>\n<li>\n<h5>Ve\u00edculo Para Prova Pr\u00e1tica no Local de Exame do Candidato.<\/h5>\n<\/li>\n<li>\n<h5>Instrutor Credenciado<\/h5>\n<\/li>\n<li>\n<h5>OBSERVA\u00c7\u00c3O IMPORTANTE: OS TREINOS E EXAMES S\u00d3 OCORRER\u00c3O COM:<\/h5>\n<\/li>\n<li>\n<h5>VE\u00cdCULO PR\u00d3PRIO DA EMPRESA: AUTOM\u00c1TICO.<\/h5>\n<\/li>\n<li>\n<h5>VE\u00cdCULO PR\u00d3PRIO DA EMPRESA: MANUAL.<\/h5>\n<\/li>\n<li>\n<h5>CANDIDATOS QUE POSSUEM SEUS PR\u00d3PRIOS VE\u00cdCULOS:<\/h5>\n<\/li>\n<li>\n<h5>C\u00c2MBIO AUTOM\u00c1TICO<\/h5>\n<\/li>\n<li>\n<h5>EL\u00c9TRICO<\/h5>\n<\/li>\n<li>\n<h5>MANUAL<\/h5>\n<\/li>\n<li>\n<h5>DOCs. EM DIA<\/h5>\n<\/li>\n<li>\n<h5>EQUIPAMENTOS DE SEGURAN\u00c7A EM DIA.<\/h5>\n<\/li>\n<li>\n<h5>PAGANDO NO CART\u00c3O CRED\/DEB COM ACR\u00c9SCIMO DA OPERADORA DE CART\u00d5ES.<\/h5>\n<\/li>\n<\/ul>\n<h4>OBSERVA\u00c7\u00c3O IMPORTANTE:<\/h4>\n<ul>\n<li>OS VALORES DOS PACOTES EST\u00c3O RELACIONADOS NO FATOR DIST\u00c2NCIA. CALCULADO DE ACORDO COM A DISPONIBILIDADE DE DIST\u00c2NCIA. CONSULTAR ATENDENTE!<\/li>\n<\/ul>\n","protected":false},"excerpt":{"rendered":"<h3>AUTOESCOLA MINUTA25 &#8211; Aulas Pr\u00e1ticas\/Carro.<\/h3>\n<h6>OBSERVA\u00c7\u00c3O IMPORTANTE:<\/h6>\n<ul>\n<li>\n<h6>OS VALORES DOS PACOTES EST\u00c3O RELACIONADOS NO FATOR DIST\u00c2NCIA. CALCULADO DE ACORDO COM A DISPONIBILIDADE DE DIST\u00c2NCIA. CONSULTAR ATENDENTE!<\/h6>\n<\/li>\n<\/ul>\n","protected":false},"featured_media":2650,"comment_status":"open","ping_status":"closed","template":"","meta":{"_eb_attr":"","_crdt_document":"","_uag_custom_page_level_css":"","site-sidebar-layout":"default","site-content-layout":"","ast-site-content-layout":"default","site-content-style":"default","site-sidebar-style":"default","ast-global-header-display":"","ast-banner-title-visibility":"","ast-main-header-display":"","ast-hfb-above-header-display":"","ast-hfb-below-header-display":"","ast-hfb-mobile-header-display":"","site-post-title":"","ast-breadcrumbs-content":"","ast-featured-img":"","footer-sml-layout":"","ast-disable-related-posts":"","theme-transparent-header-meta":"default","adv-header-id-meta":"","stick-header-meta":"","header-above-stick-meta":"","header-main-stick-meta":"","header-below-stick-meta":"","astra-migrate-meta-layouts":"set","ast-page-background-enabled":"default","ast-page-background-meta":{"desktop":{"background-color":"var(--ast-global-color-4)","background-image":"","background-repeat":"repeat","background-position":"center center","background-size":"auto","background-attachment":"scroll","background-type":"","background-media":"","overlay-type":"","overlay-color":"","overlay-opacity":"","overlay-gradient":""},"tablet":{"background-color":"","background-image":"","background-repeat":"repeat","background-position":"center center","background-size":"auto","background-attachment":"scroll","background-type":"","background-media":"","overlay-type":"","overlay-color":"","overlay-opacity":"","overlay-gradient":""},"mobile":{"background-color":"","background-image":"","background-repeat":"repeat","background-position":"center center","background-size":"auto","background-attachment":"scroll","background-type":"","background-media":"","overlay-type":"","overlay-color":"","overlay-opacity":"","overlay-gradient":""}},"ast-content-background-meta":{"desktop":{"background-color":"var(--ast-global-color-5)","background-image":"","background-repeat":"repeat","background-position":"center center","background-size":"auto","background-attachment":"scroll","background-type":"","background-media":"","overlay-type":"","overlay-color":"","overlay-opacity":"","overlay-gradient":""},"tablet":{"background-color":"var(--ast-global-color-5)","background-image":"","background-repeat":"repeat","background-position":"center center","background-size":"auto","background-attachment":"scroll","background-type":"","background-media":"","overlay-type":"","overlay-color":"","overlay-opacity":"","overlay-gradient":""},"mobile":{"background-color":"var(--ast-global-color-5)","background-image":"","background-repeat":"repeat","background-position":"center center","background-size":"auto","background-attachment":"scroll","background-type":"","background-media":"","overlay-type":"","overlay-color":"","overlay-opacity":"","overlay-gradient":""}},"_joinchat":[]},"product_brand":[],"product_cat":[21],"product_tag":[],"class_list":{"0":"post-2306","1":"product","2":"type-product","3":"status-publish","4":"has-post-thumbnail","6":"product_cat-pratica-de-carro","7":"desktop-align-left","8":"tablet-align-left","9":"mobile-align-left","11":"first","12":"instock","13":"sale","14":"taxable","15":"shipping-taxable","16":"purchasable","17":"product-type-simple"},"uagb_featured_image_src":{"full":["https:\/\/rbb-dropshipping.com.br\/wp-content\/uploads\/2026\/04\/g47cc65b493f667e22bef6e1c821e7252bf7072985ee4857f98e0dd4d035dafd7bddc90244977d72ab847996f2327708112b9e4abd8efbc29a619df40c79f0268_1280-1869397.jpg",1280,853,false],"thumbnail":["https:\/\/rbb-dropshipping.com.br\/wp-content\/uploads\/2026\/04\/g47cc65b493f667e22bef6e1c821e7252bf7072985ee4857f98e0dd4d035dafd7bddc90244977d72ab847996f2327708112b9e4abd8efbc29a619df40c79f0268_1280-1869397-150x150.jpg",150,150,true],"medium":["https:\/\/rbb-dropshipping.com.br\/wp-content\/uploads\/2026\/04\/g47cc65b493f667e22bef6e1c821e7252bf7072985ee4857f98e0dd4d035dafd7bddc90244977d72ab847996f2327708112b9e4abd8efbc29a619df40c79f0268_1280-1869397-300x200.jpg",300,200,true],"medium_large":["https:\/\/rbb-dropshipping.com.br\/wp-content\/uploads\/2026\/04\/g47cc65b493f667e22bef6e1c821e7252bf7072985ee4857f98e0dd4d035dafd7bddc90244977d72ab847996f2327708112b9e4abd8efbc29a619df40c79f0268_1280-1869397-768x512.jpg",768,512,true],"large":["https:\/\/rbb-dropshipping.com.br\/wp-content\/uploads\/2026\/04\/g47cc65b493f667e22bef6e1c821e7252bf7072985ee4857f98e0dd4d035dafd7bddc90244977d72ab847996f2327708112b9e4abd8efbc29a619df40c79f0268_1280-1869397-1024x682.jpg",1024,682,true],"1536x1536":["https:\/\/rbb-dropshipping.com.br\/wp-content\/uploads\/2026\/04\/g47cc65b493f667e22bef6e1c821e7252bf7072985ee4857f98e0dd4d035dafd7bddc90244977d72ab847996f2327708112b9e4abd8efbc29a619df40c79f0268_1280-1869397.jpg",1280,853,false],"2048x2048":["https:\/\/rbb-dropshipping.com.br\/wp-content\/uploads\/2026\/04\/g47cc65b493f667e22bef6e1c821e7252bf7072985ee4857f98e0dd4d035dafd7bddc90244977d72ab847996f2327708112b9e4abd8efbc29a619df40c79f0268_1280-1869397.jpg",1280,853,false],"woocommerce_thumbnail":["https:\/\/rbb-dropshipping.com.br\/wp-content\/uploads\/2026\/04\/g47cc65b493f667e22bef6e1c821e7252bf7072985ee4857f98e0dd4d035dafd7bddc90244977d72ab847996f2327708112b9e4abd8efbc29a619df40c79f0268_1280-1869397-300x300.jpg",300,300,true],"woocommerce_single":["https:\/\/rbb-dropshipping.com.br\/wp-content\/uploads\/2026\/04\/g47cc65b493f667e22bef6e1c821e7252bf7072985ee4857f98e0dd4d035dafd7bddc90244977d72ab847996f2327708112b9e4abd8efbc29a619df40c79f0268_1280-1869397-600x400.jpg",600,400,true],"woocommerce_gallery_thumbnail":["https:\/\/rbb-dropshipping.com.br\/wp-content\/uploads\/2026\/04\/g47cc65b493f667e22bef6e1c821e7252bf7072985ee4857f98e0dd4d035dafd7bddc90244977d72ab847996f2327708112b9e4abd8efbc29a619df40c79f0268_1280-1869397-100x100.jpg",100,100,true]},"uagb_author_info":{"display_name":"AUTOESCOLA MINUTA25 ASSESSORIA","author_link":"https:\/\/rbb-dropshipping.com.br\/autoescolaminuta25\/author\/"},"uagb_comment_info":0,"uagb_excerpt":"AUTOESCOLA MINUTA25 - Aulas Pr\u00e1ticas\/Carro. OBSERVA\u00c7\u00c3O IMPORTANTE: OS VALORES DOS PACOTES EST\u00c3O RELACIONADOS NO FATOR DIST\u00c2NCIA. CALCULADO DE ACORDO COM A DISPONIBILIDADE DE DIST\u00c2NCIA. CONSULTAR ATENDENTE!","_links":{"self":[{"href":"https:\/\/rbb-dropshipping.com.br\/autoescolaminuta25\/wp-json\/wp\/v2\/product\/2306","targetHints":{"allow":["GET"]}}],"collection":[{"href":"https:\/\/rbb-dropshipping.com.br\/autoescolaminuta25\/wp-json\/wp\/v2\/product"}],"about":[{"href":"https:\/\/rbb-dropshipping.com.br\/autoescolaminuta25\/wp-json\/wp\/v2\/types\/product"}],"replies":[{"embeddable":true,"href":"https:\/\/rbb-dropshipping.com.br\/autoescolaminuta25\/wp-json\/wp\/v2\/comments?post=2306"}],"wp:featuredmedia":[{"embeddable":true,"href":"https:\/\/rbb-dropshipping.com.br\/autoescolaminuta25\/wp-json\/wp\/v2\/media\/2650"}],"wp:attachment":[{"href":"https:\/\/rbb-dropshipping.com.br\/autoescolaminuta25\/wp-json\/wp\/v2\/media?parent=2306"}],"wp:term":[{"taxonomy":"product_brand","embeddable":true,"href":"https:\/\/rbb-dropshipping.com.br\/autoescolaminuta25\/wp-json\/wp\/v2\/product_brand?post=2306"},{"taxonomy":"product_cat","embeddable":true,"href":"https:\/\/rbb-dropshipping.com.br\/autoescolaminuta25\/wp-json\/wp\/v2\/product_cat?post=2306"},{"taxonomy":"product_tag","embeddable":true,"href":"https:\/\/rbb-dropshipping.com.br\/autoescolaminuta25\/wp-json\/wp\/v2\/product_tag?post=2306"}],"curies":[{"name":"wp","href":"https:\/\/api.w.org\/{rel}","templated":true}]}}