{"id":2218,"date":"2026-02-10T09:08:35","date_gmt":"2026-02-10T12:08:35","guid":{"rendered":"https:\/\/rbb-dropshipping.com.br\/?post_type=product&#038;p=2218"},"modified":"2026-04-30T19:44:13","modified_gmt":"2026-04-30T22:44:13","slug":"1a-habilitacao-categoria-a-pacote-01-02-treinos","status":"publish","type":"product","link":"https:\/\/rbb-dropshipping.com.br\/autoescolaminuta25\/produto\/1a-habilitacao-categoria-a-pacote-01-02-treinos\/","title":{"rendered":"1a. Habilita\u00e7\u00e3o Categoria &#8220;A&#8221; &#8211; PACOTE 01 (02 TREINOS)."},"content":{"rendered":"<h1 class=\"product_title entry-title\">Aula Pr\u00e1tica PACOTE 1 &#8211; 02 Treinos<\/h1>\n<ul>\n<li class=\"product_title entry-title\">\n<h5><em><strong>02 Aulas Pr\u00e1ticas OBRIGAT\u00d3RIAS<\/strong><\/em><\/h5>\n<\/li>\n<li>\n<h5>Marca\u00e7\u00e3o de Prova Pr\u00e1tica Pelo Pr\u00f3prio Candidato.<\/h5>\n<\/li>\n<li>\n<h5>Ve\u00edculo Para Prova Pr\u00e1tica no Local de Exame do Candidato.<\/h5>\n<\/li>\n<li>\n<h5>Instrutor Credenciado<\/h5>\n<\/li>\n<li>\n<h5>OBSERVA\u00c7\u00c3O IMPORTANTE: OS TREINOS E EXAMES S\u00d3 OCORRER\u00c3O COM:<\/h5>\n<\/li>\n<li>\n<h5>VE\u00cdCULO PR\u00d3PRIO DA EMPRESA: AUTOM\u00c1TICO.<\/h5>\n<\/li>\n<li>\n<h5>VE\u00cdCULO PR\u00d3PRIO DA EMPRESA: MANUAL.<\/h5>\n<\/li>\n<li>\n<h5>CANDIDATOS QUE POSSUEM SEUS PR\u00d3PRIOS VE\u00cdCULOS:<\/h5>\n<\/li>\n<li>\n<h5>C\u00c2MBIO AUTOM\u00c1TICO<\/h5>\n<\/li>\n<li>\n<h5>EL\u00c9TRICO<\/h5>\n<\/li>\n<li>\n<h5>MANUAL<\/h5>\n<\/li>\n<li>\n<h5>DOCs. EM DIA<\/h5>\n<\/li>\n<li>\n<h5>EQUIPAMENTOS DE SEGURAN\u00c7A EM DIA.<\/h5>\n<\/li>\n<li>\n<h5>PAGANDO NO CART\u00c3O CRED\/DEB COM ACR\u00c9SCIMO DA OPERADORA DE CART\u00d5ES.<\/h5>\n<\/li>\n<\/ul>\n","protected":false},"excerpt":{"rendered":"<h3>AUTOESCOLA MINUTA25 &#8211; Aulas Pr\u00e1ticas\/Moto.<\/h3>\n","protected":false},"featured_media":2354,"comment_status":"open","ping_status":"closed","template":"","meta":{"_eb_attr":"","_crdt_document":"","_uag_custom_page_level_css":"","site-sidebar-layout":"default","site-content-layout":"","ast-site-content-layout":"default","site-content-style":"default","site-sidebar-style":"default","ast-global-header-display":"","ast-banner-title-visibility":"","ast-main-header-display":"","ast-hfb-above-header-display":"","ast-hfb-below-header-display":"","ast-hfb-mobile-header-display":"","site-post-title":"","ast-breadcrumbs-content":"","ast-featured-img":"","footer-sml-layout":"","ast-disable-related-posts":"","theme-transparent-header-meta":"default","adv-header-id-meta":"","stick-header-meta":"","header-above-stick-meta":"","header-main-stick-meta":"","header-below-stick-meta":"","astra-migrate-meta-layouts":"set","ast-page-background-enabled":"default","ast-page-background-meta":{"desktop":{"background-color":"var(--ast-global-color-4)","background-image":"","background-repeat":"repeat","background-position":"center center","background-size":"auto","background-attachment":"scroll","background-type":"","background-media":"","overlay-type":"","overlay-color":"","overlay-opacity":"","overlay-gradient":""},"tablet":{"background-color":"","background-image":"","background-repeat":"repeat","background-position":"center center","background-size":"auto","background-attachment":"scroll","background-type":"","background-media":"","overlay-type":"","overlay-color":"","overlay-opacity":"","overlay-gradient":""},"mobile":{"background-color":"","background-image":"","background-repeat":"repeat","background-position":"center center","background-size":"auto","background-attachment":"scroll","background-type":"","background-media":"","overlay-type":"","overlay-color":"","overlay-opacity":"","overlay-gradient":""}},"ast-content-background-meta":{"desktop":{"background-color":"var(--ast-global-color-5)","background-image":"","background-repeat":"repeat","background-position":"center center","background-size":"auto","background-attachment":"scroll","background-type":"","background-media":"","overlay-type":"","overlay-color":"","overlay-opacity":"","overlay-gradient":""},"tablet":{"background-color":"var(--ast-global-color-5)","background-image":"","background-repeat":"repeat","background-position":"center center","background-size":"auto","background-attachment":"scroll","background-type":"","background-media":"","overlay-type":"","overlay-color":"","overlay-opacity":"","overlay-gradient":""},"mobile":{"background-color":"var(--ast-global-color-5)","background-image":"","background-repeat":"repeat","background-position":"center center","background-size":"auto","background-attachment":"scroll","background-type":"","background-media":"","overlay-type":"","overlay-color":"","overlay-opacity":"","overlay-gradient":""}},"_joinchat":[]},"product_brand":[],"product_cat":[22],"product_tag":[],"class_list":{"0":"post-2218","1":"product","2":"type-product","3":"status-publish","4":"has-post-thumbnail","6":"product_cat-pratica-de-moto","7":"desktop-align-left","8":"tablet-align-left","9":"mobile-align-left","11":"first","12":"instock","13":"sale","14":"taxable","15":"shipping-taxable","16":"purchasable","17":"product-type-simple"},"uagb_featured_image_src":{"full":["https:\/\/rbb-dropshipping.com.br\/wp-content\/uploads\/2026\/02\/Moto_Eletrica-w125.webp",946,894,false],"thumbnail":["https:\/\/rbb-dropshipping.com.br\/wp-content\/uploads\/2026\/02\/Moto_Eletrica-w125-150x150.webp",150,150,true],"medium":["https:\/\/rbb-dropshipping.com.br\/wp-content\/uploads\/2026\/02\/Moto_Eletrica-w125-300x284.webp",300,284,true],"medium_large":["https:\/\/rbb-dropshipping.com.br\/wp-content\/uploads\/2026\/02\/Moto_Eletrica-w125-768x726.webp",768,726,true],"large":["https:\/\/rbb-dropshipping.com.br\/wp-content\/uploads\/2026\/02\/Moto_Eletrica-w125.webp",946,894,false],"1536x1536":["https:\/\/rbb-dropshipping.com.br\/wp-content\/uploads\/2026\/02\/Moto_Eletrica-w125.webp",946,894,false],"2048x2048":["https:\/\/rbb-dropshipping.com.br\/wp-content\/uploads\/2026\/02\/Moto_Eletrica-w125.webp",946,894,false],"woocommerce_thumbnail":["https:\/\/rbb-dropshipping.com.br\/wp-content\/uploads\/2026\/02\/Moto_Eletrica-w125-300x300.webp",300,300,true],"woocommerce_single":["https:\/\/rbb-dropshipping.com.br\/wp-content\/uploads\/2026\/02\/Moto_Eletrica-w125-600x567.webp",600,567,true],"woocommerce_gallery_thumbnail":["https:\/\/rbb-dropshipping.com.br\/wp-content\/uploads\/2026\/02\/Moto_Eletrica-w125-100x100.webp",100,100,true]},"uagb_author_info":{"display_name":"AUTOESCOLA MINUTA25 ASSESSORIA","author_link":"https:\/\/rbb-dropshipping.com.br\/autoescolaminuta25\/author\/"},"uagb_comment_info":0,"uagb_excerpt":"AUTOESCOLA MINUTA25 - Aulas Pr\u00e1ticas\/Moto.","_links":{"self":[{"href":"https:\/\/rbb-dropshipping.com.br\/autoescolaminuta25\/wp-json\/wp\/v2\/product\/2218","targetHints":{"allow":["GET"]}}],"collection":[{"href":"https:\/\/rbb-dropshipping.com.br\/autoescolaminuta25\/wp-json\/wp\/v2\/product"}],"about":[{"href":"https:\/\/rbb-dropshipping.com.br\/autoescolaminuta25\/wp-json\/wp\/v2\/types\/product"}],"replies":[{"embeddable":true,"href":"https:\/\/rbb-dropshipping.com.br\/autoescolaminuta25\/wp-json\/wp\/v2\/comments?post=2218"}],"wp:featuredmedia":[{"embeddable":true,"href":"https:\/\/rbb-dropshipping.com.br\/autoescolaminuta25\/wp-json\/wp\/v2\/media\/2354"}],"wp:attachment":[{"href":"https:\/\/rbb-dropshipping.com.br\/autoescolaminuta25\/wp-json\/wp\/v2\/media?parent=2218"}],"wp:term":[{"taxonomy":"product_brand","embeddable":true,"href":"https:\/\/rbb-dropshipping.com.br\/autoescolaminuta25\/wp-json\/wp\/v2\/product_brand?post=2218"},{"taxonomy":"product_cat","embeddable":true,"href":"https:\/\/rbb-dropshipping.com.br\/autoescolaminuta25\/wp-json\/wp\/v2\/product_cat?post=2218"},{"taxonomy":"product_tag","embeddable":true,"href":"https:\/\/rbb-dropshipping.com.br\/autoescolaminuta25\/wp-json\/wp\/v2\/product_tag?post=2218"}],"curies":[{"name":"wp","href":"https:\/\/api.w.org\/{rel}","templated":true}]}}