{"id":1298,"date":"2025-12-30T18:46:07","date_gmt":"2025-12-30T18:46:07","guid":{"rendered":"https:\/\/rbb-dropshipping.com.br\/?page_id=1298"},"modified":"2026-04-15T08:32:35","modified_gmt":"2026-04-15T11:32:35","slug":"reembolso_devolucoes","status":"publish","type":"page","link":"https:\/\/rbb-dropshipping.com.br\/autoescolaminuta25\/reembolso_devolucoes\/","title":{"rendered":"Pol\u00edtica de reembolso e devolu\u00e7\u00f5es"},"content":{"rendered":"\n<p class=\"wp-block-paragraph\"><strong>1. Condi\u00e7\u00f5es gerais<\/strong>:<\/p>\n\n\n\n<h3 class=\"wp-block-heading\"><strong>CL\u00c1USULA XX \u2013 POL\u00cdTICA DE REEMBOLSO, DEVOLU\u00c7\u00c3O E TETO M\u00c1XIMO<\/strong><\/h3>\n\n\n\n<p class=\"wp-block-paragraph\">Em caso de rescis\u00e3o contratual por iniciativa do CONTRATANTE, fica estabelecido que os valores eventualmente reembols\u00e1veis observar\u00e3o os servi\u00e7os efetivamente prestados at\u00e9 a data da solicita\u00e7\u00e3o, bem como os custos administrativos e operacionais incorridos pela CONTRATADA.<\/p>\n\n\n\n<p class=\"wp-block-paragraph\"><strong>\u00a71\u00ba.<\/strong> O reembolso, quando aplic\u00e1vel, ficar\u00e1 limitado a um <strong>teto m\u00e1ximo correspondente a 70% (Cetenta por cento)<\/strong> do valor total pago pelo CONTRATANTE, independentemente do motivo da rescis\u00e3o, <strong>n\u00e3o sendo devido qualquer reembolso superior a esse limite<\/strong>.<\/p>\n\n\n\n<p class=\"wp-block-paragraph\"><strong>\u00a72\u00ba.<\/strong> N\u00e3o ser\u00e3o reembols\u00e1veis valores referentes a:<br>I \u2013 taxas administrativas;<br>II \u2013 aulas te\u00f3ricas ou pr\u00e1ticas j\u00e1 ministradas ou agendadas;<br>III \u2013 materiais did\u00e1ticos fornecidos;<br>IV \u2013 taxas de inscri\u00e7\u00e3o, exames, reprova\u00e7\u00f5es ou servi\u00e7os de terceiros.<\/p>\n\n\n\n<p class=\"wp-block-paragraph\"><strong>\u00a73\u00ba.<\/strong> Caso o valor correspondente aos servi\u00e7os j\u00e1 prestados e custos administrativos seja igual ou superior ao teto estabelecido no \u00a71\u00ba, <strong>n\u00e3o haver\u00e1 valores a serem devolvidos<\/strong> ao CONTRATANTE.<\/p>\n\n\n\n<p class=\"wp-block-paragraph\"><strong>\u00a74\u00ba.<\/strong> Em nenhuma hip\u00f3tese o reembolso poder\u00e1 ultrapassar o valor efetivamente pago pelo CONTRATANTE, nem gerar saldo credor em seu favor.<\/p>\n\n\n\n<p class=\"wp-block-paragraph\"><strong>\u00a75\u00ba.<\/strong> A presente pol\u00edtica observa o C\u00f3digo de Defesa do Consumidor, n\u00e3o afastando direitos legalmente assegurados, quando comprovada falha exclusiva na presta\u00e7\u00e3o do servi\u00e7o pela CONTRATADA.<\/p>\n\n\n\n<p class=\"wp-block-paragraph\">AUTOESCOLA MINUTA25 ASSESSORIA.<\/p>\n\n\n\n<p class=\"wp-block-paragraph\">Rams\u00e9s Barreto<\/p>\n\n\n\n<p class=\"wp-block-paragraph\">Gerente Assessor Admin.<\/p>\n\n\n\n<p class=\"wp-block-paragraph\"><\/p>\n","protected":false},"excerpt":{"rendered":"<p>1. Condi\u00e7\u00f5es gerais: CL\u00c1USULA XX \u2013 POL\u00cdTICA DE REEMBOLSO, DEVOLU\u00c7\u00c3O E TETO M\u00c1XIMO Em caso de rescis\u00e3o contratual por iniciativa do CONTRATANTE, fica estabelecido que os valores eventualmente reembols\u00e1veis observar\u00e3o os servi\u00e7os efetivamente prestados at\u00e9 a data da solicita\u00e7\u00e3o, bem como os custos administrativos e operacionais incorridos pela CONTRATADA. \u00a71\u00ba. O reembolso, quando aplic\u00e1vel, ficar\u00e1 [&hellip;]<\/p>\n","protected":false},"author":1,"featured_media":0,"parent":0,"menu_order":0,"comment_status":"closed","ping_status":"closed","template":"","meta":{"_eb_attr":"","_crdt_document":"{\"document\":\"AAAe25vWuRLpAaD1gJsF25vWuRID4PWAmwUO25vWuRIAqwEIhgGMQK4BICKwAgEbPgIBAgoCQgEESgCoAQECCgJCAQRKALgCAQIKAkIBBEoAgAkBAgoCQgEESgC0CQECCgJCAQRKAIYJAQIKAkIBBEoAnAcBAgoCQgEESgCQBQECCgJCAQRKALgGAQIKAiZoAQRKAIYBAQIKAiBiAQRKAKABAQIKAQVK5DeANTCaAhT+PaQ9AsACKsI6ojwCSALIA9x8AQIKAi5wAQRKpkIUrHwBANA7kDzCOoI6wjqiOZIB1DvLASgDJwAEACcABACEAYEAhAAnACgEJwAoHScABwAoAycBBAAoBicAhwAoAycBBAAoBicAhwAoAycBBAAoBicAhwAoAycBBAAoBicAhwAoAycBBAAoBicAhwAoAycBBAAoBicAhwAoAycBBAAoBicAhwAoAycBBAAoBicAhwAhACgCJwEEAIQAKAYnAIcAIQAoAicBBACEACgGJwCHACgDJwEoBicAKAAhAagAxADBAMQBoQGoAMQDIQCoAUQAxwAoAycBBACEACgGJwDE4zrTOHN0YXRldmVyc2lvbmRvY3VtZW50ZGF0ZWRvY3VtZW50c2x1Z2RvY3VtZW50c3RhdHVzZG9jdW1lbnR0aXRsZVBvbMOtdGljYSBkZSByZWVtYm9sc28gZSBkZXZvbHXDp8O1ZXNkb2N1bWVudGNvbnRlbnQ8IS0tIHdwOnBhcmFncmFwaCAtLT4KPHA+PHN0cm9uZz4xLiBDb25kacOnw7VlcyBnZXJhaXM8L3N0cm9uZz46PC9wPgo8IS0tIC93cDpwYXJhZ3JhcGggLS0+Cgo8IS0tIHdwOmhlYWRpbmcgeyJsZXZlbCI6M30gLS0+CjxoMyBjbGFzcz0id3AtYmxvY2staGVhZGluZyI+PHN0cm9uZz5DTMOBVVNVTEEgWFgg4oCTIFBPTMONVElDQSBERSBSRUVNQk9MU08sIERFVk9MVcOHw4NPIEUgVEVUTyBNw4FYSU1PPC9zdHJvbmc+PC9oMz4KPCEtLSAvd3A6aGVhZGluZyAtLT4KCjwhLS0gd3A6cGFyYWdyYXBoIC0tPgo8cD5FbSBjYXNvIGRlIHJlc2Npc8OjbyBjb250cmF0dWFsIHBvciBpbmljaWF0aXZhIGRvIENPTlRSQVRBTlRFLCBmaWNhIGVzdGFiZWxlY2lkbyBxdWUgb3MgdmFsb3JlcyBldmVudHVhbG1lbnRlIHJlZW1ib2xzw6F2ZWlzIG9ic2VydmFyw6NvIG9zIHNlcnZpw6dvcyBlZmV0aXZhbWVudGUgcHJlc3RhZG9zIGF0w6kgYSBkYXRhIGRhIHNvbGljaXRhw6fDo28sIGJlbSBjb21vIG9zIGN1c3RvcyBhZG1pbmlzdHJhdGl2b3MgZSBvcGVyYWNpb25haXMgaW5jb3JyaWRvcyBwZWxhIENPTlRSQVRBREEuPC9wPgo8IS0tIC93cDpwYXJhZ3JhcGggLS0+Cgo8IS0tIHdwOnBhcmFncmFwaCAtLT4KPHA+PHN0cm9uZz7CpzHCui48L3N0cm9uZz4gTyByZWVtYm9sc28sIHF1YW5kbyBhcGxpY8OhdmVsLCBmaWNhcsOhIGxpbWl0YWRvIGEgdW0gPHN0cm9uZz50ZXRvIG3DoXhpbW8gY29ycmVzcG9uZGVudGUgYSA3MCUgKENldGVudGEgcG9yIGNlbnRvKTwvc3Ryb25nPiBkbyB2YWxvciB0b3RhbCBwYWdvIHBlbG8gQ09OVFJBVEFOVEUsIGluZGVwZW5kZW50ZW1lbnRlIGRvIG1vdGl2byBkYSByZXNjaXPDo28sIDxzdHJvbmc+bsOjbyBzZW5kbyBkZXZpZG8gcXVhbHF1ZXIgcmVlbWJvbHNvIHN1cGVyaW9yIGEgZXNzZSBsaW1pdGU8L3N0cm9uZz4uPC9wPgo8IS0tIC93cDpwYXJhZ3JhcGggLS0+Cgo8IS0tIHdwOnBhcmFncmFwaCAtLT4KPHA+PHN0cm9uZz7CpzLCui48L3N0cm9uZz4gTsOjbyBzZXLDo28gcmVlbWJvbHPDoXZlaXMgdmFsb3JlcyByZWZlcmVudGVzIGE6PGJyPkkg4oCTIHRheGFzIGFkbWluaXN0cmF0aXZhczs8YnI+SUkg4oCTIGF1bGFzIHRlw7NyaWNhcyBvdSBwcsOhdGljYXMgasOhIG1pbmlzdHJhZGFzIG91IGFnZW5kYWRhczs8YnI+SUlJIOKAkyBtYXRlcmlhaXMgZGlkw6F0aWNvcyBmb3JuZWNpZG9zOzxicj5JViDigJMgdGF4YXMgZGUgaW5zY3Jpw6fDo28sIGV4YW1lcywgcmVwcm92YcOnw7VlcyBvdSBzZXJ2acOnb3MgZGUgdGVyY2Vpcm9zLjwvcD4KPCEtLSAvd3A6cGFyYWdyYXBoIC0tPgoKPCEtLSB3cDpwYXJhZ3JhcGggLS0+CjxwPjxzdHJvbmc+wqczwrouPC9zdHJvbmc+IENhc28gbyB2YWxvciBjb3JyZXNwb25kZW50ZSBhb3Mgc2VydmnDp29zIGrDoSBwcmVzdGFkb3MgZSBjdXN0b3MgYWRtaW5pc3RyYXRpdm9zIHNlamEgaWd1YWwgb3Ugc3VwZXJpb3IgYW8gdGV0byBlc3RhYmVsZWNpZG8gbm8gwqcxwrosIDxzdHJvbmc+bsOjbyBoYXZlcsOhIHZhbG9yZXMgYSBzZXJlbSBkZXZvbHZpZG9zPC9zdHJvbmc+IGFvIENPTlRSQVRBTlRFLjwvcD4KPCEtLSAvd3A6cGFyYWdyYXBoIC0tPgoKPCEtLSB3cDpwYXJhZ3JhcGggLS0+CjxwPjxzdHJvbmc+wqc0wrouPC9zdHJvbmc+IEVtIG5lbmh1bWEgaGlww7N0ZXNlIG8gcmVlbWJvbHNvIHBvZGVyw6EgdWx0cmFwYXNzYXIgbyB2YWxvciBlZmV0aXZhbWVudGUgcGFnbyBwZWxvIENPTlRSQVRBTlRFLCBuZW0gZ2VyYXIgc2FsZG8gY3JlZG9yIGVtIHNldSBmYXZvci48L3A+CjwhLS0gL3dwOnBhcmFncmFwaCAtLT4KCjwhLS0gd3A6cGFyYWdyYXBoIC0tPgo8cD48c3Ryb25nPsKnNcK6Ljwvc3Ryb25nPiBBIHByZXNlbnRlIHBvbMOtdGljYSBvYnNlcnZhIG8gQ8OzZGlnbyBkZSBEZWZlc2EgZG8gQ29uc3VtaWRvciwgbsOjbyBhZmFzdGFuZG8gZGlyZWl0b3MgbGVnYWxtZW50ZSBhc3NlZ3VyYWRvcywgcXVhbmRvIGNvbXByb3ZhZGEgZmFsaGEgZXhjbHVzaXZhIG5hIHByZXN0YcOnw6NvIGRvIHNlcnZpw6dvIHBlbGEgQ09OVFJBVEFEQS48L3A+CjwhLS0gL3dwOnBhcmFncmFwaCAtLT4KCjwhLS0gd3A6cGFyYWdyYXBoIC0tPgo8cD5BVVRPRVNDT0xBIE1JTlVUQTI1LjwvcD4KPCEtLSAvd3A6cGFyYWdyYXBoIC0tPgoKPCEtLSB3cDpwYXJhZ3JhcGggLS0+CjxwPkdlcmVudGUgQXNzZXNzb3I8L3A+CjwhLS0gL3dwOnBhcmFncmFwaCAtLT4KCjwhLS0gd3A6cGFyYWdyYXBoIC0tPgo8cD48L3A+CjwhLS0gL3dwOnBhcmFncmFwaCAtLT5kb2N1bWVudGV4Y2VycHRkb2N1bWVudGF1dGhvcmRvY3VtZW50ZmVhdHVyZWRfbWVkaWFkb2N1bWVudGNvbW1lbnRfc3RhdHVzZG9jdW1lbnRwaW5nX3N0YXR1c2RvY3VtZW50dGVtcGxhdGVkb2N1bWVudG1ldGFfZWJfYXR0cl91YWdfY3VzdG9tX3BhZ2VfbGV2ZWxfY3Nzc2l0ZS1zaWRlYmFyLWxheW91dHNpdGUtY29udGVudC1sYXlvdXRhc3Qtc2l0ZS1jb250ZW50LWxheW91dHNpdGUtY29udGVudC1zdHlsZXNpdGUtc2lkZWJhci1zdHlsZWFzdC1nbG9iYWwtaGVhZGVyLWRpc3BsYXlhc3QtYmFubmVyLXRpdGxlLXZpc2liaWxpdHlhc3QtbWFpbi1oZWFkZXItZGlzcGxheWFzdC1oZmItYWJvdmUtaGVhZGVyLWRpc3BsYXlhc3QtaGZiLWJlbG93LWhlYWRlci1kaXNwbGF5YXN0LWhmYi1tb2JpbGUtaGVhZGVyLWRpc3BsYXlzaXRlLXBvc3QtdGl0bGVhc3QtYnJlYWRjcnVtYnMtY29udGVudGFzdC1mZWF0dXJlZC1pbWdmb290ZXItc21sLWxheW91dGFzdC1kaXNhYmxlLXJlbGF0ZWQtcG9zdHN0aGVtZS10cmFuc3BhcmVudC1oZWFkZXItbWV0YWFkdi1oZWFkZXItaWQtbWV0YXN0aWNrLWhlYWRlci1tZXRhaGVhZGVyLWFib3ZlLXN0aWNrLW1ldGFoZWFkZXItbWFpbi1zdGljay1tZXRhaGVhZGVyLWJlbG93LXN0aWNrLW1ldGFhc3RyYS1taWdyYXRlLW1ldGEtbGF5b3V0c2FzdC1wYWdlLWJhY2tncm91bmQtZW5hYmxlZGFzdC1wYWdlLWJhY2tncm91bmQtbWV0YWFzdC1jb250ZW50LWJhY2tncm91bmQtbWV0YV9qb2luY2hhdGZvb3Rub3Rlc2RvY3VtZW50YmxvY2tzY2xpZW50SWRpc1ZhbGlkb3JpZ2luYWxDb250ZW50bmFtZWF0dHJpYnV0ZXNjb250ZW50PHN0cm9uZz4xLiBDb25kacOnw7VlcyBnZXJhaXM8L3N0cm9uZz46ZHJvcENhcHNwZWN0cmFBbmltYXRpb25UeXBlc3BlY3RyYUFuaW1hdGlvblRpbWVzcGVjdHJhQW5pbWF0aW9uRGVsYXlzcGVjdHJhQW5pbWF0aW9uRWFzaW5nc3BlY3RyYUFuaW1hdGlvbk9uY2VzcGVjdHJhWkluZGV4aW5uZXJCbG9ja3NjbGllbnRJZGlzVmFsaWRvcmlnaW5hbENvbnRlbnRuYW1lYXR0cmlidXRlc2NvbnRlbnQ8c3Ryb25nPkNMw4FVU1VMQSBYWCDigJMgUE9Mw41USUNBIERFIFJFRU1CT0xTTywgREVWT0xVw4fDg08gRSBURVRPIE3DgVhJTU88L3N0cm9uZz5sZXZlbHNwZWN0cmFBbmltYXRpb25UeXBlc3BlY3RyYUFuaW1hdGlvblRpbWVzcGVjdHJhQW5pbWF0aW9uRGVsYXlzcGVjdHJhQW5pbWF0aW9uRWFzaW5nc3BlY3RyYUFuaW1hdGlvbk9uY2VzcGVjdHJhWkluZGV4aW5uZXJCbG9ja3NjbGllbnRJZGlzVmFsaWRvcmlnaW5hbENvbnRlbnRuYW1lYXR0cmlidXRlc2NvbnRlbnRFbSBjYXNvIGRlIHJlc2Npc8OjbyBjb250cmF0dWFsIHBvciBpbmljaWF0aXZhIGRvIENPTlRSQVRBTlRFLCBmaWNhIGVzdGFiZWxlY2lkbyBxdWUgb3MgdmFsb3JlcyBldmVudHVhbG1lbnRlIHJlZW1ib2xzw6F2ZWlzIG9ic2VydmFyw6NvIG9zIHNlcnZpw6dvcyBlZmV0aXZhbWVudGUgcHJlc3RhZG9zIGF0w6kgYSBkYXRhIGRhIHNvbGljaXRhw6fDo28sIGJlbSBjb21vIG9zIGN1c3RvcyBhZG1pbmlzdHJhdGl2b3MgZSBvcGVyYWNpb25haXMgaW5jb3JyaWRvcyBwZWxhIENPTlRSQVRBREEuZHJvcENhcHNwZWN0cmFBbmltYXRpb25UeXBlc3BlY3RyYUFuaW1hdGlvblRpbWVzcGVjdHJhQW5pbWF0aW9uRGVsYXlzcGVjdHJhQW5pbWF0aW9uRWFzaW5nc3BlY3RyYUFuaW1hdGlvbk9uY2VzcGVjdHJhWkluZGV4aW5uZXJCbG9ja3NjbGllbnRJZGlzVmFsaWRvcmlnaW5hbENvbnRlbnRuYW1lYXR0cmlidXRlc2NvbnRlbnQ8c3Ryb25nPsKnMcK6Ljwvc3Ryb25nPiBPIHJlZW1ib2xzbywgcXVhbmRvIGFwbGljw6F2ZWwsIGZpY2Fyw6EgbGltaXRhZG8gYSB1bSA8c3Ryb25nPnRldG8gbcOheGltbyBjb3JyZXNwb25kZW50ZSBhIDcwJSAoQ2V0ZW50YSBwb3IgY2VudG8pPC9zdHJvbmc+IGRvIHZhbG9yIHRvdGFsIHBhZ28gcGVsbyBDT05UUkFUQU5URSwgaW5kZXBlbmRlbnRlbWVudGUgZG8gbW90aXZvIGRhIHJlc2Npc8OjbywgPHN0cm9uZz5uw6NvIHNlbmRvIGRldmlkbyBxdWFscXVlciByZWVtYm9sc28gc3VwZXJpb3IgYSBlc3NlIGxpbWl0ZTwvc3Ryb25nPi5kcm9wQ2Fwc3BlY3RyYUFuaW1hdGlvblR5cGVzcGVjdHJhQW5pbWF0aW9uVGltZXNwZWN0cmFBbmltYXRpb25EZWxheXNwZWN0cmFBbmltYXRpb25FYXNpbmdzcGVjdHJhQW5pbWF0aW9uT25jZXNwZWN0cmFaSW5kZXhpbm5lckJsb2Nrc2NsaWVudElkaXNWYWxpZG9yaWdpbmFsQ29udGVudG5hbWVhdHRyaWJ1dGVzY29udGVudDxzdHJvbmc+wqcywrouPC9zdHJvbmc+IE7Do28gc2Vyw6NvIHJlZW1ib2xzw6F2ZWlzIHZhbG9yZXMgcmVmZXJlbnRlcyBhOjxicj5JIOKAkyB0YXhhcyBhZG1pbmlzdHJhdGl2YXM7PGJyPklJIOKAkyBhdWxhcyB0ZcOzcmljYXMgb3UgcHLDoXRpY2FzIGrDoSBtaW5pc3RyYWRhcyBvdSBhZ2VuZGFkYXM7PGJyPklJSSDigJMgbWF0ZXJpYWlzIGRpZMOhdGljb3MgZm9ybmVjaWRvczs8YnI+SVYg4oCTIHRheGFzIGRlIGluc2NyacOnw6NvLCBleGFtZXMsIHJlcHJvdmHDp8O1ZXMgb3Ugc2VydmnDp29zIGRlIHRlcmNlaXJvcy5kcm9wQ2Fwc3BlY3RyYUFuaW1hdGlvblR5cGVzcGVjdHJhQW5pbWF0aW9uVGltZXNwZWN0cmFBbmltYXRpb25EZWxheXNwZWN0cmFBbmltYXRpb25FYXNpbmdzcGVjdHJhQW5pbWF0aW9uT25jZXNwZWN0cmFaSW5kZXhpbm5lckJsb2Nrc2NsaWVudElkaXNWYWxpZG9yaWdpbmFsQ29udGVudG5hbWVhdHRyaWJ1dGVzY29udGVudDxzdHJvbmc+wqczwrouPC9zdHJvbmc+IENhc28gbyB2YWxvciBjb3JyZXNwb25kZW50ZSBhb3Mgc2VydmnDp29zIGrDoSBwcmVzdGFkb3MgZSBjdXN0b3MgYWRtaW5pc3RyYXRpdm9zIHNlamEgaWd1YWwgb3Ugc3VwZXJpb3IgYW8gdGV0byBlc3RhYmVsZWNpZG8gbm8gwqcxwrosIDxzdHJvbmc+bsOjbyBoYXZlcsOhIHZhbG9yZXMgYSBzZXJlbSBkZXZvbHZpZG9zPC9zdHJvbmc+IGFvIENPTlRSQVRBTlRFLmRyb3BDYXBzcGVjdHJhQW5pbWF0aW9uVHlwZXNwZWN0cmFBbmltYXRpb25UaW1lc3BlY3RyYUFuaW1hdGlvbkRlbGF5c3BlY3RyYUFuaW1hdGlvbkVhc2luZ3NwZWN0cmFBbmltYXRpb25PbmNlc3BlY3RyYVpJbmRleGlubmVyQmxvY2tzY2xpZW50SWRpc1ZhbGlkb3JpZ2luYWxDb250ZW50bmFtZWF0dHJpYnV0ZXNjb250ZW50PHN0cm9uZz7CpzTCui48L3N0cm9uZz4gRW0gbmVuaHVtYSBoaXDDs3Rlc2UgbyByZWVtYm9sc28gcG9kZXLDoSB1bHRyYXBhc3NhciBvIHZhbG9yIGVmZXRpdmFtZW50ZSBwYWdvIHBlbG8gQ09OVFJBVEFOVEUsIG5lbSBnZXJhciBzYWxkbyBjcmVkb3IgZW0gc2V1IGZhdm9yLmRyb3BDYXBzcGVjdHJhQW5pbWF0aW9uVHlwZXNwZWN0cmFBbmltYXRpb25UaW1lc3BlY3RyYUFuaW1hdGlvbkRlbGF5c3BlY3RyYUFuaW1hdGlvbkVhc2luZ3NwZWN0cmFBbmltYXRpb25PbmNlc3BlY3RyYVpJbmRleGlubmVyQmxvY2tzY2xpZW50SWRpc1ZhbGlkb3JpZ2luYWxDb250ZW50bmFtZWF0dHJpYnV0ZXNjb250ZW50PHN0cm9uZz7CpzXCui48L3N0cm9uZz4gQSBwcmVzZW50ZSBwb2zDrXRpY2Egb2JzZXJ2YSBvIEPDs2RpZ28gZGUgRGVmZXNhIGRvIENvbnN1bWlkb3IsIG7Do28gYWZhc3RhbmRvIGRpcmVpdG9zIGxlZ2FsbWVudGUgYXNzZWd1cmFkb3MsIHF1YW5kbyBjb21wcm92YWRhIGZhbGhhIGV4Y2x1c2l2YSBuYSBwcmVzdGHDp8OjbyBkbyBzZXJ2acOnbyBwZWxhIENPTlRSQVRBREEuZHJvcENhcHNwZWN0cmFBbmltYXRpb25UeXBlc3BlY3RyYUFuaW1hdGlvblRpbWVzcGVjdHJhQW5pbWF0aW9uRGVsYXlzcGVjdHJhQW5pbWF0aW9uRWFzaW5nc3BlY3RyYUFuaW1hdGlvbk9uY2VzcGVjdHJhWkluZGV4aW5uZXJCbG9ja3NjbGllbnRJZGlzVmFsaWRvcmlnaW5hbENvbnRlbnRuYW1lYXR0cmlidXRlc2NvbnRlbnRBVVRPRVNDT0xBIE1JTlVUQTI1LmRyb3BDYXBzcGVjdHJhQW5pbWF0aW9uVHlwZXNwZWN0cmFBbmltYXRpb25UaW1lc3BlY3RyYUFuaW1hdGlvbkRlbGF5c3BlY3RyYUFuaW1hdGlvbkVhc2luZ3NwZWN0cmFBbmltYXRpb25PbmNlc3BlY3RyYVpJbmRleGlubmVyQmxvY2tzY2xpZW50SWRpc1ZhbGlkb3JpZ2luYWxDb250ZW50bmFtZWF0dHJpYnV0ZXNjb250ZW50R2VyZW50ZSBBc3Nlc3NvciwgUmFtc8OpcyBCYXJyZXRvLmRyb3BDYXBzcGVjdHJhQW5pbWF0aW9uVHlwZXNwZWN0cmFBbmltYXRpb25UaW1lc3BlY3RyYUFuaW1hdGlvbkRlbGF5c3BlY3RyYUFuaW1hdGlvbkVhc2luZ3NwZWN0cmFBbmltYXRpb25PbmNlc3BlY3RyYVpJbmRleGlubmVyQmxvY2tzY2xpZW50SWRpc1ZhbGlkb3JpZ2luYWxDb250ZW50bmFtZWF0dHJpYnV0ZXNjb250ZW50ZHJvcENhcHNwZWN0cmFBbmltYXRpb25UeXBlc3BlY3RyYUFuaW1hdGlvblRpbWVzcGVjdHJhQW5pbWF0aW9uRGVsYXlzcGVjdHJhQW5pbWF0aW9uRWFzaW5nc3BlY3RyYUFuaW1hdGlvbk9uY2VzcGVjdHJhWkluZGV4aW5uZXJCbG9ja3NfZWJfbWV0YV9kYXRhc3RhdGVzYXZlZEF0c3RhdGVzYXZlZEJ5IEFTU0VTU09SSUEgQVNTRVNTT1JJQSAgQWRtaW4uQWRtaW4uc3RhdGV2ZXJzaW9uUmFtc8OpcyBCYXJyZXRvY2xpZW50SWRpc1ZhbGlkb3JpZ2luYWxDb250ZW50bmFtZWF0dHJpYnV0ZXNjb250ZW50R2VyZW50ZSBBc3Nlc3NvciBBZG1pbi4sIFJhbXPDqXMgQmFycmV0by5kcm9wQ2Fwc3BlY3RyYUFuaW1hdGlvblR5cGVzcGVjdHJhQW5pbWF0aW9uVGltZXNwZWN0cmFBbmltYXRpb25EZWxheXNwZWN0cmFBbmltYXRpb25FYXNpbmdzcGVjdHJhQW5pbWF0aW9uT25jZXNwZWN0cmFaSW5kZXhpbm5lckJsb2Nrc1JhbXPDqXMgQmFycmV0bzwvcD4KPCEtLSAvd3A6cGFyYWdyYXBoIC0tPgoKPCEtLSB3cDpwYXJhZ3JhcGggLS0+CjxwPgUHCAQIBAgGCAUiCAeGIDcQkQEIBwgGCA4IDggLSAEECBpTABdSABkbF1wAHQ8XEBEZHRIRFxYXGhsYG0kACAYIBw8ECgclB1QAFRYUDQsIBw8ECgeNAQVUABUWFA0LCAcPBAoHkQQHVAAVFhQNCwgHDwQKB6sEB1QAFRYUDQsIBw8ECgeUBAdUABUWFA0LCAcPBAoHnwMHVAAVFhQNCwgHDwQKB5kCB1QAFRYUDQsIBw8ECgeNAwdUABUWFA0LCAcPBAoHEwEHVAAVFhQNCwgHDwQKBxARB1QAFRYUDQsIBw8ECkcAVAAVFhQNCw0FBwUHAQoLQQBGAAUHDggHDwQKBxcRB1QAFRYUDQuEARQBBAAAAQAAAAEGAB0BAAClAQECADRCAQEAQQACAEEAAgBBAAIAQQACAEEAAgBBAAIAQQACAEEAAgBBAAIAQQACAEEAAgBBAAIACUECEUGeAQpBDwLyAQB9AXcTMjAyNS0xMi0zMFQxODo0NjowN3cUcmVlbWJvbHNvX2Rldm9sdWNvZXN3B3B1Ymxpc2h9AX0AdwZjbG9zZWR3BmNsb3NlZHcAdwB3AHcHZGVmYXVsdHcAdwdkZWZhdWx0dwdkZWZhdWx0dwdkZWZhdWx0dwB3AHcAdwB3AHcAdwB3AHcAdwB3AHcAdwB3AHcAdwB3AHcDc2V0dwdkZWZhdWx0dgMHZGVza3RvcHYMEGJhY2tncm91bmQtY29sb3J3GXZhcigtLWFzdC1nbG9iYWwtY29sb3ItNCkQYmFja2dyb3VuZC1pbWFnZXcAEWJhY2tncm91bmQtcmVwZWF0dwZyZXBlYXQTYmFja2dyb3VuZC1wb3NpdGlvbncNY2VudGVyIGNlbnRlcg9iYWNrZ3JvdW5kLXNpemV3BGF1dG8VYmFja2dyb3VuZC1hdHRhY2htZW50dwZzY3JvbGwPYmFja2dyb3VuZC10eXBldwAQYmFja2dyb3VuZC1tZWRpYXcADG92ZXJsYXktdHlwZXcADW92ZXJsYXktY29sb3J3AA9vdmVybGF5LW9wYWNpdHl3ABBvdmVybGF5LWdyYWRpZW50dwAGdGFibGV0dgwQYmFja2dyb3VuZC1jb2xvcncAEGJhY2tncm91bmQtaW1hZ2V3ABFiYWNrZ3JvdW5kLXJlcGVhdHcGcmVwZWF0E2JhY2tncm91bmQtcG9zaXRpb253DWNlbnRlciBjZW50ZXIPYmFja2dyb3VuZC1zaXpldwRhdXRvFWJhY2tncm91bmQtYXR0YWNobWVudHcGc2Nyb2xsD2JhY2tncm91bmQtdHlwZXcAEGJhY2tncm91bmQtbWVkaWF3AAxvdmVybGF5LXR5cGV3AA1vdmVybGF5LWNvbG9ydwAPb3ZlcmxheS1vcGFjaXR5dwAQb3ZlcmxheS1ncmFkaWVudHcABm1vYmlsZXYMEGJhY2tncm91bmQtY29sb3J3ABBiYWNrZ3JvdW5kLWltYWdldwARYmFja2dyb3VuZC1yZXBlYXR3BnJlcGVhdBNiYWNrZ3JvdW5kLXBvc2l0aW9udw1jZW50ZXIgY2VudGVyD2JhY2tncm91bmQtc2l6ZXcEYXV0bxViYWNrZ3JvdW5kLWF0dGFjaG1lbnR3BnNjcm9sbA9iYWNrZ3JvdW5kLXR5cGV3ABBiYWNrZ3JvdW5kLW1lZGlhdwAMb3ZlcmxheS10eXBldwANb3ZlcmxheS1jb2xvcncAD292ZXJsYXktb3BhY2l0eXcAEG92ZXJsYXktZ3JhZGllbnR3AHYDB2Rlc2t0b3B2DBBiYWNrZ3JvdW5kLWNvbG9ydxl2YXIoLS1hc3QtZ2xvYmFsLWNvbG9yLTUpEGJhY2tncm91bmQtaW1hZ2V3ABFiYWNrZ3JvdW5kLXJlcGVhdHcGcmVwZWF0E2JhY2tncm91bmQtcG9zaXRpb253DWNlbnRlciBjZW50ZXIPYmFja2dyb3VuZC1zaXpldwRhdXRvFWJhY2tncm91bmQtYXR0YWNobWVudHcGc2Nyb2xsD2JhY2tncm91bmQtdHlwZXcAEGJhY2tncm91bmQtbWVkaWF3AAxvdmVybGF5LXR5cGV3AA1vdmVybGF5LWNvbG9ydwAPb3ZlcmxheS1vcGFjaXR5dwAQb3ZlcmxheS1ncmFkaWVudHcABnRhYmxldHYMEGJhY2tncm91bmQtY29sb3J3GXZhcigtLWFzdC1nbG9iYWwtY29sb3ItNSkQYmFja2dyb3VuZC1pbWFnZXcAEWJhY2tncm91bmQtcmVwZWF0dwZyZXBlYXQTYmFja2dyb3VuZC1wb3NpdGlvbncNY2VudGVyIGNlbnRlcg9iYWNrZ3JvdW5kLXNpemV3BGF1dG8VYmFja2dyb3VuZC1hdHRhY2htZW50dwZzY3JvbGwPYmFja2dyb3VuZC10eXBldwAQYmFja2dyb3VuZC1tZWRpYXcADG92ZXJsYXktdHlwZXcADW92ZXJsYXktY29sb3J3AA9vdmVybGF5LW9wYWNpdHl3ABBvdmVybGF5LWdyYWRpZW50dwAGbW9iaWxldgwQYmFja2dyb3VuZC1jb2xvcncZdmFyKC0tYXN0LWdsb2JhbC1jb2xvci01KRBiYWNrZ3JvdW5kLWltYWdldwARYmFja2dyb3VuZC1yZXBlYXR3BnJlcGVhdBNiYWNrZ3JvdW5kLXBvc2l0aW9udw1jZW50ZXIgY2VudGVyD2JhY2tncm91bmQtc2l6ZXcEYXV0bxViYWNrZ3JvdW5kLWF0dGFjaG1lbnR3BnNjcm9sbA9iYWNrZ3JvdW5kLXR5cGV3ABBiYWNrZ3JvdW5kLW1lZGlhdwAMb3ZlcmxheS10eXBldwANb3ZlcmxheS1jb2xvcncAD292ZXJsYXktb3BhY2l0eXcAEG92ZXJsYXktZ3JhZGllbnR3AHUAdwB3JGE3ODExMjg1LTYzODUtNDMzMy04ZGQ4LTBkMzY3OTBmMzgxOHh3LjxwPjxzdHJvbmc+MS4gQ29uZGnDp8O1ZXMgZ2VyYWlzPC9zdHJvbmc+OjwvcD53DmNvcmUvcGFyYWdyYXBoeXcAfZAGfQB3BGVhc2V5fnckZDlhNzg0NzMtOWJjNi00YmFmLThkMTctMmE5YTBiMTE2NDFjeHd2PGgzIGNsYXNzPSJ3cC1ibG9jay1oZWFkaW5nIj48c3Ryb25nPkNMw4FVU1VMQSBYWCDigJMgUE9Mw41USUNBIERFIFJFRU1CT0xTTywgREVWT0xVw4fDg08gRSBURVRPIE3DgVhJTU88L3N0cm9uZz48L2gzPncMY29yZS9oZWFkaW5nfQN3AH2QBn0AdwRlYXNleX53JDczYTgxNjNkLWY3ODItNDQ2Zi04OWU0LWJhNTc1Mjc2NzBmNHh3nwI8cD5FbSBjYXNvIGRlIHJlc2Npc8OjbyBjb250cmF0dWFsIHBvciBpbmljaWF0aXZhIGRvIENPTlRSQVRBTlRFLCBmaWNhIGVzdGFiZWxlY2lkbyBxdWUgb3MgdmFsb3JlcyBldmVudHVhbG1lbnRlIHJlZW1ib2xzw6F2ZWlzIG9ic2VydmFyw6NvIG9zIHNlcnZpw6dvcyBlZmV0aXZhbWVudGUgcHJlc3RhZG9zIGF0w6kgYSBkYXRhIGRhIHNvbGljaXRhw6fDo28sIGJlbSBjb21vIG9zIGN1c3RvcyBhZG1pbmlzdHJhdGl2b3MgZSBvcGVyYWNpb25haXMgaW5jb3JyaWRvcyBwZWxhIENPTlRSQVRBREEuPC9wPncOY29yZS9wYXJhZ3JhcGh5dwB9kAZ9AHcEZWFzZXl+dyQ5N2M3ZDA4MS0zN2Y1LTRmMjYtOGE2NS01NzdhNzZiN2U5YWF4d7kCPHA+PHN0cm9uZz7CpzHCui48L3N0cm9uZz4gTyByZWVtYm9sc28sIHF1YW5kbyBhcGxpY8OhdmVsLCBmaWNhcsOhIGxpbWl0YWRvIGEgdW0gPHN0cm9uZz50ZXRvIG3DoXhpbW8gY29ycmVzcG9uZGVudGUgYSA3MCUgKENldGVudGEgcG9yIGNlbnRvKTwvc3Ryb25nPiBkbyB2YWxvciB0b3RhbCBwYWdvIHBlbG8gQ09OVFJBVEFOVEUsIGluZGVwZW5kZW50ZW1lbnRlIGRvIG1vdGl2byBkYSByZXNjaXPDo28sIDxzdHJvbmc+bsOjbyBzZW5kbyBkZXZpZG8gcXVhbHF1ZXIgcmVlbWJvbHNvIHN1cGVyaW9yIGEgZXNzZSBsaW1pdGU8L3N0cm9uZz4uPC9wPncOY29yZS9wYXJhZ3JhcGh5dwB9kAZ9AHcEZWFzZXl+dyQ1NGE4OTBiMi1mYTk0LTQ4NDEtYTliYi03NjM5YmI4MjE3MmR4d7ECPHA+PHN0cm9uZz7CpzLCui48L3N0cm9uZz4gTsOjbyBzZXLDo28gcmVlbWJvbHPDoXZlaXMgdmFsb3JlcyByZWZlcmVudGVzIGE6PGJyPkkg4oCTIHRheGFzIGFkbWluaXN0cmF0aXZhczs8YnI+SUkg4oCTIGF1bGFzIHRlw7NyaWNhcyBvdSBwcsOhdGljYXMgasOhIG1pbmlzdHJhZGFzIG91IGFnZW5kYWRhczs8YnI+SUlJIOKAkyBtYXRlcmlhaXMgZGlkw6F0aWNvcyBmb3JuZWNpZG9zOzxicj5JViDigJMgdGF4YXMgZGUgaW5zY3Jpw6fDo28sIGV4YW1lcywgcmVwcm92YcOnw7VlcyBvdSBzZXJ2acOnb3MgZGUgdGVyY2Vpcm9zLjwvcD53DmNvcmUvcGFyYWdyYXBoeXcAfZAGfQB3BGVhc2V5fnckODNjNzdmNDAtNmQxYi00N2E5LTg2NmMtNDUyOWY1ZjJkOTdheHfuATxwPjxzdHJvbmc+wqczwrouPC9zdHJvbmc+IENhc28gbyB2YWxvciBjb3JyZXNwb25kZW50ZSBhb3Mgc2VydmnDp29zIGrDoSBwcmVzdGFkb3MgZSBjdXN0b3MgYWRtaW5pc3RyYXRpdm9zIHNlamEgaWd1YWwgb3Ugc3VwZXJpb3IgYW8gdGV0byBlc3RhYmVsZWNpZG8gbm8gwqcxwrosIDxzdHJvbmc+bsOjbyBoYXZlcsOhIHZhbG9yZXMgYSBzZXJlbSBkZXZvbHZpZG9zPC9zdHJvbmc+IGFvIENPTlRSQVRBTlRFLjwvcD53DmNvcmUvcGFyYWdyYXBoeXcAfZAGfQB3BGVhc2V5fnckZTA1OWNlYjItMjQzZS00ZjNkLTg4YWQtMmMyYzY5ZTJmNzkzeHekATxwPjxzdHJvbmc+wqc0wrouPC9zdHJvbmc+IEVtIG5lbmh1bWEgaGlww7N0ZXNlIG8gcmVlbWJvbHNvIHBvZGVyw6EgdWx0cmFwYXNzYXIgbyB2YWxvciBlZmV0aXZhbWVudGUgcGFnbyBwZWxvIENPTlRSQVRBTlRFLCBuZW0gZ2VyYXIgc2FsZG8gY3JlZG9yIGVtIHNldSBmYXZvci48L3A+dw5jb3JlL3BhcmFncmFwaHl3AH2QBn0AdwRlYXNleX53JDM5OTc5MWM1LWE0MGMtNDRjMS05MjkwLTllOTZhOTI3YjRmMHh33AE8cD48c3Ryb25nPsKnNcK6Ljwvc3Ryb25nPiBBIHByZXNlbnRlIHBvbMOtdGljYSBvYnNlcnZhIG8gQ8OzZGlnbyBkZSBEZWZlc2EgZG8gQ29uc3VtaWRvciwgbsOjbyBhZmFzdGFuZG8gZGlyZWl0b3MgbGVnYWxtZW50ZSBhc3NlZ3VyYWRvcywgcXVhbmRvIGNvbXByb3ZhZGEgZmFsaGEgZXhjbHVzaXZhIG5hIHByZXN0YcOnw6NvIGRvIHNlcnZpw6dvIHBlbGEgQ09OVFJBVEFEQS48L3A+dw5jb3JlL3BhcmFncmFwaHl3AH2QBn0AdwRlYXNleX54dxs8cD5BVVRPRVNDT0xBIE1JTlVUQTI1LjwvcD53DmNvcmUvcGFyYWdyYXBoeXcAfZAGfQB3BGVhc2V5fnh3KTxwPkdlcmVudGUgQXNzZXNzb3IsIFJhbXPDqXMgQmFycmV0by48L3A+dw5jb3JlL3BhcmFncmFwaHl3AH2QBn0AdwRlYXNleX53JDVkOTQzOThiLTgyNDgtNDI1My04NDc1LTExNTAxZWNiMDA1ZHh3BzxwPjwvcD53DmNvcmUvcGFyYWdyYXBoeXcAfZAGfQB3BGVhc2V5fn0BdyRlMTlmNWY4NC0zOTU5LTQxYWMtYTE1OC1jNTMxNGI4YzRkZTR3JDE0Y2Y5ODczLTI0YWMtNDhhNy1hNDI5LWEyZGVhZGIxNmM0MBYAe0J52Q6S6rAAfaD1gJsFdyQ4NDg5MWFkMS03YzQwLTQ0NDctOTZhMy05ZGI4MTVkZjVkNWJ4dyk8cD5HZXJlbnRlIEFzc2Vzc29yLCBSYW1zw6lzIEJhcnJldG8uPC9wPncOY29yZS9wYXJhZ3JhcGh5dwB9kAZ9AHcEZWFzZXl+AtuN65wJCfUQEPcNACIABSAYAQIJFQEBAAEF4LrAzQICAAAuEA==\",\"updateId\":355241833}","_uag_custom_page_level_css":"","site-sidebar-layout":"default","site-content-layout":"","ast-site-content-layout":"default","site-content-style":"default","site-sidebar-style":"default","ast-global-header-display":"","ast-banner-title-visibility":"","ast-main-header-display":"","ast-hfb-above-header-display":"","ast-hfb-below-header-display":"","ast-hfb-mobile-header-display":"","site-post-title":"","ast-breadcrumbs-content":"","ast-featured-img":"","footer-sml-layout":"","ast-disable-related-posts":"","theme-transparent-header-meta":"","adv-header-id-meta":"","stick-header-meta":"","header-above-stick-meta":"","header-main-stick-meta":"","header-below-stick-meta":"","astra-migrate-meta-layouts":"set","ast-page-background-enabled":"default","ast-page-background-meta":{"desktop":{"background-color":"var(--ast-global-color-4)","background-image":"","background-repeat":"repeat","background-position":"center center","background-size":"auto","background-attachment":"scroll","background-type":"","background-media":"","overlay-type":"","overlay-color":"","overlay-opacity":"","overlay-gradient":""},"tablet":{"background-color":"","background-image":"","background-repeat":"repeat","background-position":"center center","background-size":"auto","background-attachment":"scroll","background-type":"","background-media":"","overlay-type":"","overlay-color":"","overlay-opacity":"","overlay-gradient":""},"mobile":{"background-color":"","background-image":"","background-repeat":"repeat","background-position":"center center","background-size":"auto","background-attachment":"scroll","background-type":"","background-media":"","overlay-type":"","overlay-color":"","overlay-opacity":"","overlay-gradient":""}},"ast-content-background-meta":{"desktop":{"background-color":"var(--ast-global-color-5)","background-image":"","background-repeat":"repeat","background-position":"center center","background-size":"auto","background-attachment":"scroll","background-type":"","background-media":"","overlay-type":"","overlay-color":"","overlay-opacity":"","overlay-gradient":""},"tablet":{"background-color":"var(--ast-global-color-5)","background-image":"","background-repeat":"repeat","background-position":"center center","background-size":"auto","background-attachment":"scroll","background-type":"","background-media":"","overlay-type":"","overlay-color":"","overlay-opacity":"","overlay-gradient":""},"mobile":{"background-color":"var(--ast-global-color-5)","background-image":"","background-repeat":"repeat","background-position":"center center","background-size":"auto","background-attachment":"scroll","background-type":"","background-media":"","overlay-type":"","overlay-color":"","overlay-opacity":"","overlay-gradient":""}},"_joinchat":[],"footnotes":""},"class_list":["post-1298","page","type-page","status-publish","hentry"],"uagb_featured_image_src":{"full":false,"thumbnail":false,"medium":false,"medium_large":false,"large":false,"1536x1536":false,"2048x2048":false,"woocommerce_thumbnail":false,"woocommerce_single":false,"woocommerce_gallery_thumbnail":false},"uagb_author_info":{"display_name":"AUTOESCOLA MINUTA25 ASSESSORIA","author_link":"https:\/\/rbb-dropshipping.com.br\/autoescolaminuta25\/author\/autoescolaminuta25\/"},"uagb_comment_info":0,"uagb_excerpt":"1. Condi\u00e7\u00f5es gerais: CL\u00c1USULA XX \u2013 POL\u00cdTICA DE REEMBOLSO, DEVOLU\u00c7\u00c3O E TETO M\u00c1XIMO Em caso de rescis\u00e3o contratual por iniciativa do CONTRATANTE, fica estabelecido que os valores eventualmente reembols\u00e1veis observar\u00e3o os servi\u00e7os efetivamente prestados at\u00e9 a data da solicita\u00e7\u00e3o, bem como os custos administrativos e operacionais incorridos pela CONTRATADA. \u00a71\u00ba. O reembolso, quando aplic\u00e1vel, ficar\u00e1&hellip;","_links":{"self":[{"href":"https:\/\/rbb-dropshipping.com.br\/autoescolaminuta25\/wp-json\/wp\/v2\/pages\/1298","targetHints":{"allow":["GET"]}}],"collection":[{"href":"https:\/\/rbb-dropshipping.com.br\/autoescolaminuta25\/wp-json\/wp\/v2\/pages"}],"about":[{"href":"https:\/\/rbb-dropshipping.com.br\/autoescolaminuta25\/wp-json\/wp\/v2\/types\/page"}],"author":[{"embeddable":true,"href":"https:\/\/rbb-dropshipping.com.br\/autoescolaminuta25\/wp-json\/wp\/v2\/users\/1"}],"replies":[{"embeddable":true,"href":"https:\/\/rbb-dropshipping.com.br\/autoescolaminuta25\/wp-json\/wp\/v2\/comments?post=1298"}],"version-history":[{"count":10,"href":"https:\/\/rbb-dropshipping.com.br\/autoescolaminuta25\/wp-json\/wp\/v2\/pages\/1298\/revisions"}],"predecessor-version":[{"id":2494,"href":"https:\/\/rbb-dropshipping.com.br\/autoescolaminuta25\/wp-json\/wp\/v2\/pages\/1298\/revisions\/2494"}],"wp:attachment":[{"href":"https:\/\/rbb-dropshipping.com.br\/autoescolaminuta25\/wp-json\/wp\/v2\/media?parent=1298"}],"curies":[{"name":"wp","href":"https:\/\/api.w.org\/{rel}","templated":true}]}}